{"id":7,"date":"2026-02-17T01:57:10","date_gmt":"2026-02-17T00:57:10","guid":{"rendered":"https:\/\/projekt002.flashybrandsagency.com\/?page_id=7"},"modified":"2026-02-17T02:00:56","modified_gmt":"2026-02-17T01:00:56","slug":"7-2","status":"publish","type":"page","link":"https:\/\/projekt002.flashybrandsagency.com\/index.php\/7-2\/","title":{"rendered":""},"content":{"rendered":"\n<header class=\"medical-hero\">\n    <!-- Nawigacja g\u00f3rna -->\n    <nav class=\"hero-nav\">\n        <div class=\"logo\">S<\/div> <!-- Tu docelowo wstawisz obrazek logo -->\n        <ul class=\"nav-links\">\n            <li><a href=\"#\">What We Do<\/a><\/li>\n            <li><a href=\"#\">Case Studies<\/a><\/li>\n            <li><a href=\"#\">About Us<\/a><\/li>\n            <li><a href=\"#\">Contact<\/a><\/li>\n        <\/ul>\n    <\/nav>\n\n    <!-- G\u0142\u00f3wny tekst -->\n    <div class=\"hero-body\">\n        <h1 class=\"main-title\">Creative &#038;<br>Innovative<br>Ideas<\/h1>\n    <\/div>\n\n    <!-- Trzy niebieskie karty (Overlap) -->\n    <div class=\"hero-cards-container\">\n        <div class=\"hero-card\">\n            <h3>Marketing lek\u00f3w OTC<\/h3>\n            <p class=\"card-intro\">Skaluj sprzeda\u017c i zwi\u0119kszaj swoje udzia\u0142y na rynku lek\u00f3w OTC.<\/p>\n            <div class=\"card-line\"><\/div>\n            <p class=\"card-details\">Zapewniamy maksymalny zwrot (ROAS), czyni\u0105c Tw\u00f3j lek OTC pierwszym wyborem pacjenta w aptece i e-commerce.<\/p>\n        <\/div>\n\n        <div class=\"hero-card\">\n            <h3>Marketing lek\u00f3w (Rx)<\/h3>\n            <p class=\"card-intro\">Docieraj do lekarzy, buduj rozpoznawalno\u015b\u0107 marki lek\u00f3w (Rx).<\/p>\n            <div class=\"card-line\"><\/div>\n            <p class=\"card-details\">Prowadzimy skuteczn\u0105 komunikacj\u0119 ze \u015brodowiskiem lekarskim, buduj\u0105c rozpoznawalno\u015b\u0107 Twoich lek\u00f3w (Rx).<\/p>\n        <\/div>\n\n        <div class=\"hero-card\">\n            <h3>Marketing medyczny<\/h3>\n            <p class=\"card-intro\">Zwi\u0119kszaj liczb\u0119 pacjent\u00f3w w swoich plac\u00f3wkach.<\/p>\n            <div class=\"card-line\"><\/div>\n            <p class=\"card-details\">Zwi\u0119kszamy liczb\u0119 pacjent\u00f3w w plac\u00f3wce, generujemy wzrost przychod\u00f3w. Skracamy \u015bcie\u017ck\u0119 pacjenta.<\/p>\n        <\/div>\n    <\/div>\n<\/header>\n","protected":false},"excerpt":{"rendered":"<p>S What We Do Case Studies About Us Contact Creative &#038;InnovativeIdeas Marketing lek\u00f3w OTC Skaluj sprzeda\u017c i zwi\u0119kszaj swoje udzia\u0142y na rynku lek\u00f3w OTC. Zapewniamy maksymalny zwrot (ROAS), czyni\u0105c Tw\u00f3j lek OTC pierwszym wyborem pacjenta w aptece i e-commerce. Marketing lek\u00f3w (Rx) Docieraj do lekarzy, buduj rozpoznawalno\u015b\u0107 marki lek\u00f3w (Rx). Prowadzimy skuteczn\u0105 komunikacj\u0119 ze \u015brodowiskiem [&hellip;]<\/p>\n","protected":false},"author":1,"featured_media":0,"parent":0,"menu_order":0,"comment_status":"closed","ping_status":"closed","template":"","meta":{"footnotes":""},"class_list":["post-7","page","type-page","status-publish","hentry"],"_links":{"self":[{"href":"https:\/\/projekt002.flashybrandsagency.com\/index.php\/wp-json\/wp\/v2\/pages\/7","targetHints":{"allow":["GET"]}}],"collection":[{"href":"https:\/\/projekt002.flashybrandsagency.com\/index.php\/wp-json\/wp\/v2\/pages"}],"about":[{"href":"https:\/\/projekt002.flashybrandsagency.com\/index.php\/wp-json\/wp\/v2\/types\/page"}],"author":[{"embeddable":true,"href":"https:\/\/projekt002.flashybrandsagency.com\/index.php\/wp-json\/wp\/v2\/users\/1"}],"replies":[{"embeddable":true,"href":"https:\/\/projekt002.flashybrandsagency.com\/index.php\/wp-json\/wp\/v2\/comments?post=7"}],"version-history":[{"count":3,"href":"https:\/\/projekt002.flashybrandsagency.com\/index.php\/wp-json\/wp\/v2\/pages\/7\/revisions"}],"predecessor-version":[{"id":11,"href":"https:\/\/projekt002.flashybrandsagency.com\/index.php\/wp-json\/wp\/v2\/pages\/7\/revisions\/11"}],"wp:attachment":[{"href":"https:\/\/projekt002.flashybrandsagency.com\/index.php\/wp-json\/wp\/v2\/media?parent=7"}],"curies":[{"name":"wp","href":"https:\/\/api.w.org\/{rel}","templated":true}]}}